{"id":2276,"date":"2024-05-10T04:35:34","date_gmt":"2024-05-10T03:35:34","guid":{"rendered":"https:\/\/fabconstruction.al\/projects\/"},"modified":"2025-11-22T14:45:22","modified_gmt":"2025-11-22T13:45:22","slug":"projekte","status":"publish","type":"page","link":"https:\/\/fabconstruction.al\/sq\/projekte\/","title":{"rendered":"Projekte"},"content":{"rendered":"\t\t<div data-elementor-type=\"wp-page\" data-elementor-id=\"2276\" class=\"elementor elementor-2276 elementor-112\">\n\t\t\t\t\t\t<div class=\"elementor-section elementor-top-section elementor-element elementor-element-4274290 pbmit-col-stretched-none pbmit-bg-color-over-image elementor-section-boxed elementor-section-height-default elementor-section-height-default\" data-id=\"4274290\" data-element_type=\"section\" data-e-type=\"section\">\n\t\t\t\t\t\t<div class=\"elementor-container elementor-column-gap-no\">\n\t\t\t\t\t<div class=\"elementor-column elementor-col-100 elementor-top-column elementor-element elementor-element-8902d91 pbmit-bg-color-over-image\" data-id=\"8902d91\" data-element_type=\"column\" data-e-type=\"column\">\n\t\t\t<div class=\"elementor-widget-wrap elementor-element-populated\">\n\t\t\t\t\t\t<div class=\"elementor-element elementor-element-eaffac4 elementor-widget elementor-widget-pbmit_portfolio_element\" data-id=\"eaffac4\" data-element_type=\"widget\" data-e-type=\"widget\" data-widget_type=\"pbmit_portfolio_element.default\">\n\t\t\t\t<div class=\"elementor-widget-container\">\n\t\t\t\t\t\t\t\t\t\t<div class=\"pbminfotech-element\r\n\t\t\t\tpbminfotech-element-portfolio\t\t\t\tpbmit-element-portfolio-style-1\t\t\t\tpbmit-element-viewtype-row-column\t\t\t\tpbmit-element-column-three\t\t\t\tpbmit-element-sticky-carousel-false\t\t\t\tpbmit-element-caroursel-dot-false\t\t\t\tpbmit-infinite-scroll-no\t\t\t\tpbmit-infinite-scroll-button-no\t\t\t\tpbminfotech-gap-default\t\t\t\t\t\t\t\t\t\t\t\t\"\r\n\t\t\t\tdata-cpt=\"portfolio\"\r\n\t\t\t\tdata-totalpagination=\"1\"\r\n\t\t\t\tdata-style=\"1\"\r\n\t\t\t\tdata-show=\"9\"\r\n\t\t\t\tdata-columns=\"3\"\r\n\t\t\t\tdata-loop=\"false\"\r\n\t\t\t\tdata-autoplay=\"false\"\r\n\t\t\t\tdata-center=\"false\"\r\n\t\t\t\tdata-nav=\"false\"\r\n\t\t\t\tdata-dots=\"false\"\r\n\t\t\t\tdata-reverse=\"false\"\r\n\t\t\t\tdata-speed=\"1000\"\r\n\t\t\t\tdata-marquee-speed=\"10000\"\r\n\t\t\t\tdata-delay=\"4000\"\r\n\t\t\t\tdata-margin=\"default\"\r\n\t\t\t\tdata-show-portion=\"false\">\r\n\t\t\t\t<div class=\"pbmit-element-inner\">\r\n\t\t\t\t\t\t\t\t\t\t\t\t<div class=\"pbmit-ele-header-area\">\r\n\t\t\t\t\t <div class=\"pbmit-heading-subheading  animation-style4\"><\/div>\t\t\t\t\t\t\t\t\t<\/div>\r\n\t\t\t\t\t\t\t<div class=\"pbmit-infinite-scroll-data\">{\"cpt\":\"portfolio\",\"style\":\"1\",\"columns\":\"3\",\"show\":9,\"from_category\":[\"projects\"],\"order\":\"ASC\",\"orderby\":\"date\"}<\/div>\r\n\t\t\r\n\t\t\r\n\t\t\t\t<div class=\"pbmit-element-posts-wrapper row multi-columns-row \" >\r\n\t\t\t\t\r\n\t\t\t\t\t<article class=\"pbmit-ele pbmit-ele-portfolio pbmit-portfolio-style-1 col-md-4 projects pbmit-term-62 pbmit-odd pbmit-col-odd\"><div class=\"pbminfotech-post-content\">\r\n\t<div class=\"pbmit-featured-img-wrapper\"><div class=\"pbmit-featured-wrapper\"><a href=\"https:\/\/fabconstruction.al\/sq\/portfolio\/residence-luksoze\/\"><img fetchpriority=\"high\" decoding=\"async\" width=\"770\" height=\"892\" src=\"https:\/\/fabconstruction.al\/wp-content\/uploads\/2024\/05\/ALFU1845-min-770x892.jpg\" class=\"attachment-pbmit-img-770x892 size-pbmit-img-770x892 wp-post-image\" alt=\"\" \/><\/a><\/div><\/div>\t<div class=\"pbminfotech-box-content\">\r\n\t\t<div class=\"pbminfotech-titlebox\">\r\n\t\t\t<div class=\"pbmit-port-cat\"><a href=\"https:\/\/fabconstruction.al\/sq\/portfolio-category\/projects\/\" rel=\"tag\">Projects<\/a><\/div>\r\n\t\t\t<h3 class=\"pbmit-portfolio-title\"><a href=\"https:\/\/fabconstruction.al\/sq\/portfolio\/residence-luksoze\/\">Residenc\u00eb Luksoze<\/a><\/h3>\r\n\t\t<\/div>\r\n\t<\/div>\r\n<\/div><\/article><article class=\"pbmit-ele pbmit-ele-portfolio pbmit-portfolio-style-1 col-md-4 projects pbmit-term-62 pbmit-even pbmit-col-odd\"><div class=\"pbminfotech-post-content\">\r\n\t<div class=\"pbmit-featured-img-wrapper\"><div class=\"pbmit-featured-wrapper\"><a href=\"https:\/\/fabconstruction.al\/sq\/portfolio\/selia-e-atasheut-ushtarak-turk\/\"><img decoding=\"async\" width=\"770\" height=\"892\" src=\"https:\/\/fabconstruction.al\/wp-content\/uploads\/2025\/11\/ndertime-50-50-min-1170x850-1-1-770x892.jpg\" class=\"attachment-pbmit-img-770x892 size-pbmit-img-770x892 wp-post-image\" alt=\"\" \/><\/a><\/div><\/div>\t<div class=\"pbminfotech-box-content\">\r\n\t\t<div class=\"pbminfotech-titlebox\">\r\n\t\t\t<div class=\"pbmit-port-cat\"><a href=\"https:\/\/fabconstruction.al\/sq\/portfolio-category\/projects\/\" rel=\"tag\">Projects<\/a><\/div>\r\n\t\t\t<h3 class=\"pbmit-portfolio-title\"><a href=\"https:\/\/fabconstruction.al\/sq\/portfolio\/selia-e-atasheut-ushtarak-turk\/\">Selia e Atasheut Ushtarak Turk<\/a><\/h3>\r\n\t\t<\/div>\r\n\t<\/div>\r\n<\/div><\/article><article class=\"pbmit-ele pbmit-ele-portfolio pbmit-portfolio-style-1 col-md-4 projects pbmit-term-62 pbmit-odd pbmit-col-odd\"><div class=\"pbminfotech-post-content\">\r\n\t<div class=\"pbmit-featured-img-wrapper\"><div class=\"pbmit-featured-wrapper\"><a href=\"https:\/\/fabconstruction.al\/sq\/portfolio\/ambasada-e-federates-se-rusise\/\"><img decoding=\"async\" width=\"770\" height=\"892\" src=\"https:\/\/fabconstruction.al\/wp-content\/uploads\/2025\/11\/amb-ruse-min-770x892.jpg\" class=\"attachment-pbmit-img-770x892 size-pbmit-img-770x892 wp-post-image\" alt=\"\" \/><\/a><\/div><\/div>\t<div class=\"pbminfotech-box-content\">\r\n\t\t<div class=\"pbminfotech-titlebox\">\r\n\t\t\t<div class=\"pbmit-port-cat\"><a href=\"https:\/\/fabconstruction.al\/sq\/portfolio-category\/projects\/\" rel=\"tag\">Projects<\/a><\/div>\r\n\t\t\t<h3 class=\"pbmit-portfolio-title\"><a href=\"https:\/\/fabconstruction.al\/sq\/portfolio\/ambasada-e-federates-se-rusise\/\">Ambasada e Federat\u00ebs s\u00eb Rusis\u00eb<\/a><\/h3>\r\n\t\t<\/div>\r\n\t<\/div>\r\n<\/div><\/article><article class=\"pbmit-ele pbmit-ele-portfolio pbmit-portfolio-style-1 col-md-4 projects pbmit-term-62 pbmit-even pbmit-col-even\"><div class=\"pbminfotech-post-content\">\r\n\t<div class=\"pbmit-featured-img-wrapper\"><div class=\"pbmit-featured-wrapper\"><a href=\"https:\/\/fabconstruction.al\/sq\/portfolio\/ambasada-e-kuvajtit\/\"><img loading=\"lazy\" decoding=\"async\" width=\"770\" height=\"892\" src=\"https:\/\/fabconstruction.al\/wp-content\/uploads\/2025\/11\/kuwait-1-1170x993-1-770x892.jpg\" class=\"attachment-pbmit-img-770x892 size-pbmit-img-770x892 wp-post-image\" alt=\"\" \/><\/a><\/div><\/div>\t<div class=\"pbminfotech-box-content\">\r\n\t\t<div class=\"pbminfotech-titlebox\">\r\n\t\t\t<div class=\"pbmit-port-cat\"><a href=\"https:\/\/fabconstruction.al\/sq\/portfolio-category\/projects\/\" rel=\"tag\">Projects<\/a><\/div>\r\n\t\t\t<h3 class=\"pbmit-portfolio-title\"><a href=\"https:\/\/fabconstruction.al\/sq\/portfolio\/ambasada-e-kuvajtit\/\">Ambasada e Kuvajtit<\/a><\/h3>\r\n\t\t<\/div>\r\n\t<\/div>\r\n<\/div><\/article><article class=\"pbmit-ele pbmit-ele-portfolio pbmit-portfolio-style-1 col-md-4 projects pbmit-term-62 pbmit-odd pbmit-col-even\"><div class=\"pbminfotech-post-content\">\r\n\t<div class=\"pbmit-featured-img-wrapper\"><div class=\"pbmit-featured-wrapper\"><a href=\"https:\/\/fabconstruction.al\/sq\/portfolio\/ambasada-e-hungarise\/\"><img loading=\"lazy\" decoding=\"async\" width=\"770\" height=\"892\" src=\"https:\/\/fabconstruction.al\/wp-content\/uploads\/2025\/11\/Hungarian-1-1170x780-1-1-770x892.jpg\" class=\"attachment-pbmit-img-770x892 size-pbmit-img-770x892 wp-post-image\" alt=\"\" \/><\/a><\/div><\/div>\t<div class=\"pbminfotech-box-content\">\r\n\t\t<div class=\"pbminfotech-titlebox\">\r\n\t\t\t<div class=\"pbmit-port-cat\"><a href=\"https:\/\/fabconstruction.al\/sq\/portfolio-category\/projects\/\" rel=\"tag\">Projects<\/a><\/div>\r\n\t\t\t<h3 class=\"pbmit-portfolio-title\"><a href=\"https:\/\/fabconstruction.al\/sq\/portfolio\/ambasada-e-hungarise\/\">Ambasada e Hungaris\u00eb<\/a><\/h3>\r\n\t\t<\/div>\r\n\t<\/div>\r\n<\/div><\/article><article class=\"pbmit-ele pbmit-ele-portfolio pbmit-portfolio-style-1 col-md-4 projects pbmit-term-62 pbmit-even pbmit-col-even\"><div class=\"pbminfotech-post-content\">\r\n\t<div class=\"pbmit-featured-img-wrapper\"><div class=\"pbmit-featured-wrapper\"><a href=\"https:\/\/fabconstruction.al\/sq\/portfolio\/ambasada-e-egjiptit\/\"><img loading=\"lazy\" decoding=\"async\" width=\"770\" height=\"892\" src=\"https:\/\/fabconstruction.al\/wp-content\/uploads\/2025\/11\/Embassy-of-Egypt-770x892.jpg\" class=\"attachment-pbmit-img-770x892 size-pbmit-img-770x892 wp-post-image\" alt=\"\" \/><\/a><\/div><\/div>\t<div class=\"pbminfotech-box-content\">\r\n\t\t<div class=\"pbminfotech-titlebox\">\r\n\t\t\t<div class=\"pbmit-port-cat\"><a href=\"https:\/\/fabconstruction.al\/sq\/portfolio-category\/projects\/\" rel=\"tag\">Projects<\/a><\/div>\r\n\t\t\t<h3 class=\"pbmit-portfolio-title\"><a href=\"https:\/\/fabconstruction.al\/sq\/portfolio\/ambasada-e-egjiptit\/\">Ambasada e Egjiptit<\/a><\/h3>\r\n\t\t<\/div>\r\n\t<\/div>\r\n<\/div><\/article><article class=\"pbmit-ele pbmit-ele-portfolio pbmit-portfolio-style-1 col-md-4 projects pbmit-term-62 pbmit-odd pbmit-col-odd\"><div class=\"pbminfotech-post-content\">\r\n\t<div class=\"pbmit-featured-img-wrapper\"><div class=\"pbmit-featured-wrapper\"><a href=\"https:\/\/fabconstruction.al\/sq\/portfolio\/ambasada-e-austrise\/\"><img loading=\"lazy\" decoding=\"async\" width=\"770\" height=\"892\" src=\"https:\/\/fabconstruction.al\/wp-content\/uploads\/2025\/11\/austrian-1170x777-1-1-770x892.jpg\" class=\"attachment-pbmit-img-770x892 size-pbmit-img-770x892 wp-post-image\" alt=\"\" \/><\/a><\/div><\/div>\t<div class=\"pbminfotech-box-content\">\r\n\t\t<div class=\"pbminfotech-titlebox\">\r\n\t\t\t<div class=\"pbmit-port-cat\"><a href=\"https:\/\/fabconstruction.al\/sq\/portfolio-category\/projects\/\" rel=\"tag\">Projects<\/a><\/div>\r\n\t\t\t<h3 class=\"pbmit-portfolio-title\"><a href=\"https:\/\/fabconstruction.al\/sq\/portfolio\/ambasada-e-austrise\/\">Ambasada e Austris\u00eb<\/a><\/h3>\r\n\t\t<\/div>\r\n\t<\/div>\r\n<\/div><\/article><article class=\"pbmit-ele pbmit-ele-portfolio pbmit-portfolio-style-1 col-md-4 projects pbmit-term-62 pbmit-even pbmit-col-odd\"><div class=\"pbminfotech-post-content\">\r\n\t<div class=\"pbmit-featured-img-wrapper\"><div class=\"pbmit-featured-wrapper\"><a href=\"https:\/\/fabconstruction.al\/sq\/portfolio\/ambasada-e-turqise\/\"><img loading=\"lazy\" decoding=\"async\" width=\"770\" height=\"892\" src=\"https:\/\/fabconstruction.al\/wp-content\/uploads\/2025\/11\/ndertime-66-66-min-1170x1424-2-770x892.jpg\" class=\"attachment-pbmit-img-770x892 size-pbmit-img-770x892 wp-post-image\" alt=\"\" \/><\/a><\/div><\/div>\t<div class=\"pbminfotech-box-content\">\r\n\t\t<div class=\"pbminfotech-titlebox\">\r\n\t\t\t<div class=\"pbmit-port-cat\"><a href=\"https:\/\/fabconstruction.al\/sq\/portfolio-category\/projects\/\" rel=\"tag\">Projects<\/a><\/div>\r\n\t\t\t<h3 class=\"pbmit-portfolio-title\"><a href=\"https:\/\/fabconstruction.al\/sq\/portfolio\/ambasada-e-turqise\/\">Ambasada e Turqis\u00eb<\/a><\/h3>\r\n\t\t<\/div>\r\n\t<\/div>\r\n<\/div><\/article><article class=\"pbmit-ele pbmit-ele-portfolio pbmit-portfolio-style-1 col-md-4 projects pbmit-term-62 pbmit-odd pbmit-col-odd\"><div class=\"pbminfotech-post-content\">\r\n\t<div class=\"pbmit-featured-img-wrapper\"><div class=\"pbmit-featured-wrapper\"><a href=\"https:\/\/fabconstruction.al\/sq\/portfolio\/ambasada-e-rumanise\/\"><img loading=\"lazy\" decoding=\"async\" width=\"770\" height=\"892\" src=\"https:\/\/fabconstruction.al\/wp-content\/uploads\/2025\/11\/3-min-1-770x892.jpg\" class=\"attachment-pbmit-img-770x892 size-pbmit-img-770x892 wp-post-image\" alt=\"\" \/><\/a><\/div><\/div>\t<div class=\"pbminfotech-box-content\">\r\n\t\t<div class=\"pbminfotech-titlebox\">\r\n\t\t\t<div class=\"pbmit-port-cat\"><a href=\"https:\/\/fabconstruction.al\/sq\/portfolio-category\/projects\/\" rel=\"tag\">Projects<\/a><\/div>\r\n\t\t\t<h3 class=\"pbmit-portfolio-title\"><a href=\"https:\/\/fabconstruction.al\/sq\/portfolio\/ambasada-e-rumanise\/\">Ambasada e Rumanis\u00eb<\/a><\/h3>\r\n\t\t<\/div>\r\n\t<\/div>\r\n<\/div><\/article>\t\t\t<\/div>\r\n\t\t\t\t\r\n\t\t\t\t\t\t\r\n\t\t\t\t\t\t<\/div><!-- .pbmit-element-inner -->\r\n\t\t\t<\/div><!-- .pbminfotech-element -->\r\n\t\t\t\t\t\t\t<\/div>\n\t\t\t\t<\/div>\n\t\t\t\t\t<\/div>\n\t\t<\/div>\n\t\t\t\t\t<\/div>\n\t\t<\/div>\n\t\t\t\t<\/div>\n\t\t","protected":false},"excerpt":{"rendered":"<p>{&#8220;cpt&#8221;:&#8221;portfolio&#8221;,&#8221;style&#8221;:&#8221;1&#8243;,&#8221;columns&#8221;:&#8221;3&#8243;,&#8221;show&#8221;:9,&#8221;from_category&#8221;:[&#8220;projects&#8221;],&#8221;order&#8221;:&#8221;ASC&#8221;,&#8221;orderby&#8221;:&#8221;date&#8221;} Projects Luxury Residence Projects Office of the Turkish Military Attache Projects Embassy of the Russian Federation Projects Embassy of Kuwait Projects Embassy of Hungary Projects Embassy of Egypt Projects Embassy of Austria Projects Embassy of Turkey Projects Romanian Embassy<\/p>\n","protected":false},"author":1,"featured_media":0,"parent":0,"menu_order":9,"comment_status":"closed","ping_status":"closed","template":"","meta":{"_acf_changed":false,"inline_featured_image":false,"footnotes":""},"class_list":["post-2276","page","type-page","status-publish","hentry"],"acf":[],"yoast_head":"<!-- This site is optimized with the Yoast SEO plugin v27.3 - https:\/\/yoast.com\/product\/yoast-seo-wordpress\/ -->\n<title>Projekte - FAB Construction<\/title>\n<meta name=\"robots\" content=\"index, follow, max-snippet:-1, max-image-preview:large, max-video-preview:-1\" \/>\n<link rel=\"canonical\" href=\"https:\/\/fabconstruction.al\/sq\/projekte\/\" \/>\n<meta property=\"og:locale\" content=\"sq_AL\" \/>\n<meta property=\"og:type\" content=\"article\" \/>\n<meta property=\"og:title\" content=\"Projekte - FAB Construction\" \/>\n<meta property=\"og:description\" content=\"{&#8220;cpt&#8221;:&#8221;portfolio&#8221;,&#8221;style&#8221;:&#8221;1&#8243;,&#8221;columns&#8221;:&#8221;3&#8243;,&#8221;show&#8221;:9,&#8221;from_category&#8221;:[&#8220;projects&#8221;],&#8221;order&#8221;:&#8221;ASC&#8221;,&#8221;orderby&#8221;:&#8221;date&#8221;} Projects Luxury Residence Projects Office of the Turkish Military Attache Projects Embassy of the Russian Federation Projects Embassy of Kuwait Projects Embassy of Hungary Projects Embassy of Egypt Projects Embassy of Austria Projects Embassy of Turkey Projects Romanian Embassy\" \/>\n<meta property=\"og:url\" content=\"https:\/\/fabconstruction.al\/sq\/projekte\/\" \/>\n<meta property=\"og:site_name\" content=\"FAB Construction\" \/>\n<meta property=\"article:modified_time\" content=\"2025-11-22T13:45:22+00:00\" \/>\n<meta property=\"og:image\" content=\"https:\/\/fabconstruction.al\/wp-content\/uploads\/2024\/05\/ALFU1845-min-770x892.jpg\" \/>\n<meta name=\"twitter:card\" content=\"summary_large_image\" \/>\n<meta name=\"twitter:label1\" content=\"Est. reading time\" \/>\n\t<meta name=\"twitter:data1\" content=\"2 minutes\" \/>\n<script type=\"application\/ld+json\" class=\"yoast-schema-graph\">{\"@context\":\"https:\\\/\\\/schema.org\",\"@graph\":[{\"@type\":\"WebPage\",\"@id\":\"https:\\\/\\\/fabconstruction.al\\\/sq\\\/projekte\\\/\",\"url\":\"https:\\\/\\\/fabconstruction.al\\\/sq\\\/projekte\\\/\",\"name\":\"Projekte - FAB Construction\",\"isPartOf\":{\"@id\":\"https:\\\/\\\/fabconstruction.al\\\/#website\"},\"primaryImageOfPage\":{\"@id\":\"https:\\\/\\\/fabconstruction.al\\\/sq\\\/projekte\\\/#primaryimage\"},\"image\":{\"@id\":\"https:\\\/\\\/fabconstruction.al\\\/sq\\\/projekte\\\/#primaryimage\"},\"thumbnailUrl\":\"https:\\\/\\\/fabconstruction.al\\\/wp-content\\\/uploads\\\/2024\\\/05\\\/ALFU1845-min-770x892.jpg\",\"datePublished\":\"2024-05-10T03:35:34+00:00\",\"dateModified\":\"2025-11-22T13:45:22+00:00\",\"breadcrumb\":{\"@id\":\"https:\\\/\\\/fabconstruction.al\\\/sq\\\/projekte\\\/#breadcrumb\"},\"inLanguage\":\"sq-AL\",\"potentialAction\":[{\"@type\":\"ReadAction\",\"target\":[\"https:\\\/\\\/fabconstruction.al\\\/sq\\\/projekte\\\/\"]}]},{\"@type\":\"ImageObject\",\"inLanguage\":\"sq-AL\",\"@id\":\"https:\\\/\\\/fabconstruction.al\\\/sq\\\/projekte\\\/#primaryimage\",\"url\":\"https:\\\/\\\/fabconstruction.al\\\/wp-content\\\/uploads\\\/2024\\\/05\\\/ALFU1845-min-770x892.jpg\",\"contentUrl\":\"https:\\\/\\\/fabconstruction.al\\\/wp-content\\\/uploads\\\/2024\\\/05\\\/ALFU1845-min-770x892.jpg\"},{\"@type\":\"BreadcrumbList\",\"@id\":\"https:\\\/\\\/fabconstruction.al\\\/sq\\\/projekte\\\/#breadcrumb\",\"itemListElement\":[{\"@type\":\"ListItem\",\"position\":1,\"name\":\"Home\",\"item\":\"https:\\\/\\\/fabconstruction.al\\\/\"},{\"@type\":\"ListItem\",\"position\":2,\"name\":\"Projekte\"}]},{\"@type\":\"WebSite\",\"@id\":\"https:\\\/\\\/fabconstruction.al\\\/#website\",\"url\":\"https:\\\/\\\/fabconstruction.al\\\/\",\"name\":\"FAB Construction\",\"description\":\"Construction Company Tirana Albania\",\"potentialAction\":[{\"@type\":\"SearchAction\",\"target\":{\"@type\":\"EntryPoint\",\"urlTemplate\":\"https:\\\/\\\/fabconstruction.al\\\/?s={search_term_string}\"},\"query-input\":{\"@type\":\"PropertyValueSpecification\",\"valueRequired\":true,\"valueName\":\"search_term_string\"}}],\"inLanguage\":\"sq-AL\"}]}<\/script>\n<!-- \/ Yoast SEO plugin. -->","yoast_head_json":{"title":"Projekte - FAB Construction","robots":{"index":"index","follow":"follow","max-snippet":"max-snippet:-1","max-image-preview":"max-image-preview:large","max-video-preview":"max-video-preview:-1"},"canonical":"https:\/\/fabconstruction.al\/sq\/projekte\/","og_locale":"sq_AL","og_type":"article","og_title":"Projekte - FAB Construction","og_description":"{&#8220;cpt&#8221;:&#8221;portfolio&#8221;,&#8221;style&#8221;:&#8221;1&#8243;,&#8221;columns&#8221;:&#8221;3&#8243;,&#8221;show&#8221;:9,&#8221;from_category&#8221;:[&#8220;projects&#8221;],&#8221;order&#8221;:&#8221;ASC&#8221;,&#8221;orderby&#8221;:&#8221;date&#8221;} Projects Luxury Residence Projects Office of the Turkish Military Attache Projects Embassy of the Russian Federation Projects Embassy of Kuwait Projects Embassy of Hungary Projects Embassy of Egypt Projects Embassy of Austria Projects Embassy of Turkey Projects Romanian Embassy","og_url":"https:\/\/fabconstruction.al\/sq\/projekte\/","og_site_name":"FAB Construction","article_modified_time":"2025-11-22T13:45:22+00:00","og_image":[{"url":"https:\/\/fabconstruction.al\/wp-content\/uploads\/2024\/05\/ALFU1845-min-770x892.jpg","type":"","width":"","height":""}],"twitter_card":"summary_large_image","twitter_misc":{"Est. reading time":"2 minutes"},"schema":{"@context":"https:\/\/schema.org","@graph":[{"@type":"WebPage","@id":"https:\/\/fabconstruction.al\/sq\/projekte\/","url":"https:\/\/fabconstruction.al\/sq\/projekte\/","name":"Projekte - FAB Construction","isPartOf":{"@id":"https:\/\/fabconstruction.al\/#website"},"primaryImageOfPage":{"@id":"https:\/\/fabconstruction.al\/sq\/projekte\/#primaryimage"},"image":{"@id":"https:\/\/fabconstruction.al\/sq\/projekte\/#primaryimage"},"thumbnailUrl":"https:\/\/fabconstruction.al\/wp-content\/uploads\/2024\/05\/ALFU1845-min-770x892.jpg","datePublished":"2024-05-10T03:35:34+00:00","dateModified":"2025-11-22T13:45:22+00:00","breadcrumb":{"@id":"https:\/\/fabconstruction.al\/sq\/projekte\/#breadcrumb"},"inLanguage":"sq-AL","potentialAction":[{"@type":"ReadAction","target":["https:\/\/fabconstruction.al\/sq\/projekte\/"]}]},{"@type":"ImageObject","inLanguage":"sq-AL","@id":"https:\/\/fabconstruction.al\/sq\/projekte\/#primaryimage","url":"https:\/\/fabconstruction.al\/wp-content\/uploads\/2024\/05\/ALFU1845-min-770x892.jpg","contentUrl":"https:\/\/fabconstruction.al\/wp-content\/uploads\/2024\/05\/ALFU1845-min-770x892.jpg"},{"@type":"BreadcrumbList","@id":"https:\/\/fabconstruction.al\/sq\/projekte\/#breadcrumb","itemListElement":[{"@type":"ListItem","position":1,"name":"Home","item":"https:\/\/fabconstruction.al\/"},{"@type":"ListItem","position":2,"name":"Projekte"}]},{"@type":"WebSite","@id":"https:\/\/fabconstruction.al\/#website","url":"https:\/\/fabconstruction.al\/","name":"FAB Construction","description":"Construction Company Tirana Albania","potentialAction":[{"@type":"SearchAction","target":{"@type":"EntryPoint","urlTemplate":"https:\/\/fabconstruction.al\/?s={search_term_string}"},"query-input":{"@type":"PropertyValueSpecification","valueRequired":true,"valueName":"search_term_string"}}],"inLanguage":"sq-AL"}]}},"_links":{"self":[{"href":"https:\/\/fabconstruction.al\/sq\/wp-json\/wp\/v2\/pages\/2276","targetHints":{"allow":["GET"]}}],"collection":[{"href":"https:\/\/fabconstruction.al\/sq\/wp-json\/wp\/v2\/pages"}],"about":[{"href":"https:\/\/fabconstruction.al\/sq\/wp-json\/wp\/v2\/types\/page"}],"author":[{"embeddable":true,"href":"https:\/\/fabconstruction.al\/sq\/wp-json\/wp\/v2\/users\/1"}],"replies":[{"embeddable":true,"href":"https:\/\/fabconstruction.al\/sq\/wp-json\/wp\/v2\/comments?post=2276"}],"version-history":[{"count":1,"href":"https:\/\/fabconstruction.al\/sq\/wp-json\/wp\/v2\/pages\/2276\/revisions"}],"predecessor-version":[{"id":2277,"href":"https:\/\/fabconstruction.al\/sq\/wp-json\/wp\/v2\/pages\/2276\/revisions\/2277"}],"wp:attachment":[{"href":"https:\/\/fabconstruction.al\/sq\/wp-json\/wp\/v2\/media?parent=2276"}],"curies":[{"name":"wp","href":"https:\/\/api.w.org\/{rel}","templated":true}]}}